{"id":2099,"date":"2017-03-27T10:36:28","date_gmt":"2017-03-27T10:36:28","guid":{"rendered":"http:\/\/campingalegria.com\/de\/?page_id=2099"},"modified":"2024-09-12T16:11:36","modified_gmt":"2024-09-12T14:11:36","slug":"aktivitaten","status":"publish","type":"page","link":"https:\/\/www.campingalegria.com\/de\/aktivitaten\/","title":{"rendered":"Aktivit\u00e4ten"},"content":{"rendered":"<h2 style=\"text-align: center;\">UNTERHALTUNG ALLES JAHRES!<\/h2>\n<p style=\"text-align: center;\"><strong>Auf unserem Campingplatz finden Sie Aktivit\u00e4ten f\u00fcr jedes Alter und jede Jahreszeit in einer unterhaltsamen und famili\u00e4ren Umgebung.<\/strong><\/p>\n<p style=\"text-align: center;\">Im Fr\u00fchling, Sommer, Herbst und Winter bieten wir Aktivit\u00e4ten f\u00fcr alle Altersgruppen an. Live-Musik, Disco, Karaoke, Bingo, Schatzsuche, Halloween und selbstverst\u00e4ndlich ein Weihnachtsprogramm einschliesslich des Besuches des Weihnachtsmannes! Ausserdem die lokalen Feste wie die Fallas und das Artischockenfest<\/p>\n<p style=\"text-align: center;\">Wir heissen Sie hier gerne willkommen!<\/p>\n<p>&nbsp;<\/p>\n<h2 style=\"text-align: center;\">ST\u00c4NDIGE AKTIVIT\u00c4TEN!<\/h2>\n<p>&nbsp;<\/p>\n<p>[widgetkit id=&#8220;30&#8243;]<\/p>\n<p>&nbsp;<\/p>\n<p>[widgetkit id=&#8220;42&#8243;]<\/p>\n","protected":false},"excerpt":{"rendered":"<p>UNTERHALTUNG ALLES JAHRES! Auf unserem Campingplatz finden Sie Aktivit\u00e4ten f\u00fcr jedes Alter und jede Jahreszeit in einer unterhaltsamen und famili\u00e4ren Umgebung. Im Fr\u00fchling, Sommer, Herbst und Winter bieten wir Aktivit\u00e4ten f\u00fcr alle Altersgruppen an. Live-Musik, Disco, Karaoke, Bingo, Schatzsuche, Halloween und selbstverst\u00e4ndlich ein Weihnachtsprogramm einschliesslich des Besuches des Weihnachtsmannes! Ausserdem die lokalen Feste wie die [&hellip;]<\/p>\n","protected":false},"author":1,"featured_media":2911,"parent":0,"menu_order":0,"comment_status":"closed","ping_status":"closed","template":"fullpage.php","meta":{"_acf_changed":false,"footnotes":""},"class_list":["post-2099","page","type-page","status-publish","has-post-thumbnail","hentry"],"acf":[],"_links":{"self":[{"href":"https:\/\/www.campingalegria.com\/de\/wp-json\/wp\/v2\/pages\/2099","targetHints":{"allow":["GET"]}}],"collection":[{"href":"https:\/\/www.campingalegria.com\/de\/wp-json\/wp\/v2\/pages"}],"about":[{"href":"https:\/\/www.campingalegria.com\/de\/wp-json\/wp\/v2\/types\/page"}],"author":[{"embeddable":true,"href":"https:\/\/www.campingalegria.com\/de\/wp-json\/wp\/v2\/users\/1"}],"replies":[{"embeddable":true,"href":"https:\/\/www.campingalegria.com\/de\/wp-json\/wp\/v2\/comments?post=2099"}],"version-history":[{"count":7,"href":"https:\/\/www.campingalegria.com\/de\/wp-json\/wp\/v2\/pages\/2099\/revisions"}],"predecessor-version":[{"id":2912,"href":"https:\/\/www.campingalegria.com\/de\/wp-json\/wp\/v2\/pages\/2099\/revisions\/2912"}],"wp:featuredmedia":[{"embeddable":true,"href":"https:\/\/www.campingalegria.com\/de\/wp-json\/wp\/v2\/media\/2911"}],"wp:attachment":[{"href":"https:\/\/www.campingalegria.com\/de\/wp-json\/wp\/v2\/media?parent=2099"}],"curies":[{"name":"wp","href":"https:\/\/api.w.org\/{rel}","templated":true}]}}